{"id":835,"date":"2018-04-19T06:40:56","date_gmt":"2018-04-19T06:40:56","guid":{"rendered":"http:\/\/www.cayelec.com\/nosotros\/"},"modified":"2019-11-11T10:52:35","modified_gmt":"2019-11-11T10:52:35","slug":"nosotros","status":"publish","type":"page","link":"http:\/\/www.cayelec.com\/es\/","title":{"rendered":"NOSOTROS"},"content":{"rendered":"<p><div class=\"fusion-fullwidth fullwidth-box hundred-percent-fullwidth non-hundred-percent-height-scrolling\"  style='background-color: rgba(255,255,255,0);background-position: left top;background-repeat: no-repeat;padding-left:15%;border-top-width:0px;border-bottom-width:0px;border-color:#eae9e9;border-top-style:solid;border-bottom-style:solid;'><div class=\"fusion-builder-row fusion-row \"><div  class=\"fusion-layout-column fusion_builder_column fusion_builder_column_1_2  fusion-one-half fusion-column-first fusion-column-no-min-height 1_2\"  style='margin-top:0px;margin-bottom:0px;width:48%; margin-right: 4%;'>\n\t\t\t\t\t<div class=\"fusion-column-wrapper\" style=\"padding: 80px 0px 0px 0px;background-position:left top;background-repeat:no-repeat;-webkit-background-size:cover;-moz-background-size:cover;-o-background-size:cover;background-size:cover;\"  data-bg-url=\"\">\n\t\t\t\t\t\t<div class=\"fusion-column-content-centered\"><div class=\"fusion-column-content\"><div class=\"fusion-text\"><h4 style=\"text-align: center;\"><strong>CAYELEC\u00a0<\/strong>es una empresa de servicios en el campo de los<strong> mantenimientos e instalaciones integrales e industriales<\/strong> realizando todo tipo de trabajos ya sea en industria, comercios, comunidades de vecinos, \u00e1mbitos hospitalarios, etc.<\/h4>\n<h4 style=\"text-align: center;\">Empleando para todos estos trabajos el <strong>personal<\/strong> y los<strong> conocimientos<\/strong> necesarios para la buena realizaci\u00f3n de los mismos.<\/h4>\n<h4 style=\"text-align: center;\">Adem\u00e1s dadas las necesidades de las empresas en cuanto a conservaci\u00f3n de sus instalaciones y nuestro af\u00e1n por ofrecer el mejor servicio posible, nos motivo para la creaci\u00f3n de un <strong>departamento especializado<\/strong> en mantenimiento y conservaci\u00f3n de las mismas.<\/h4>\n<\/div><\/div><\/div><div class=\"fusion-clearfix\"><\/div>\n\n\t\t\t\t\t<\/div>\n\t\t\t\t<\/div><div  class=\"fusion-layout-column fusion_builder_column fusion_builder_column_1_2  fusion-one-half fusion-column-last 1_2\"  style='margin-top:0px;margin-bottom:0px;width:48%'>\n\t\t\t\t\t<div class=\"fusion-column-wrapper\" style=\"padding: 0px 0px 0px 0px;background-image: url('http:\/\/www.cayelec.com\/wp-content\/uploads\/2018\/04\/230075-P1ZDXJ-761-1-300x200.jpg');background-position:right center;background-repeat:no-repeat;-webkit-background-size:cover;-moz-background-size:cover;-o-background-size:cover;background-size:cover;\"  data-bg-url=\"http:\/\/www.cayelec.com\/wp-content\/uploads\/2018\/04\/230075-P1ZDXJ-761-1-300x200.jpg\">\n\t\t\t\t\t\t<div class=\"fusion-clearfix\"><\/div>\n\n\t\t\t\t\t<\/div>\n\t\t\t\t<\/div><\/div><\/div><div class=\"fusion-fullwidth fullwidth-box nonhundred-percent-fullwidth non-hundred-percent-height-scrolling\"  style='background-color: #c58a66;background-position: left top;background-repeat: no-repeat;padding-top:60px;padding-right:15%;padding-bottom:90px;padding-left:15%;border-top-width:0px;border-bottom-width:0px;border-color:#eae9e9;border-top-style:solid;border-bottom-style:solid;'><div class=\"fusion-builder-row fusion-row \"><div  class=\"fusion-layout-column fusion_builder_column fusion_builder_column_1_1  fusion-one-full fusion-column-first fusion-column-last fusion-column-no-min-height 1_1\"  style='margin-top:0px;margin-bottom:0px;'>\n\t\t\t\t\t<div class=\"fusion-column-wrapper\" style=\"padding: 0px 0px 0px 0px;background-position:left top;background-repeat:no-repeat;-webkit-background-size:cover;-moz-background-size:cover;-o-background-size:cover;background-size:cover;\"  data-bg-url=\"\">\n\t\t\t\t\t\t<div class=\"fusion-text\"><h3 style=\"color: #fff; text-align: center; letter-spacing: 1px;\">Las instalaciones y proyectos electricos\u00a0 que necesita de las manos de los mejores professionales del sector.<\/h3>\n<\/div><div class=\"fusion-clearfix\"><\/div>\n\n\t\t\t\t\t<\/div>\n\t\t\t\t<\/div><\/div><\/div><\/p>\n","protected":false},"excerpt":{"rendered":"","protected":false},"author":3,"featured_media":0,"parent":0,"menu_order":0,"comment_status":"closed","ping_status":"closed","template":"100-width.php","meta":{"footnotes":""},"_links":{"self":[{"href":"http:\/\/www.cayelec.com\/es\/wp-json\/wp\/v2\/pages\/835"}],"collection":[{"href":"http:\/\/www.cayelec.com\/es\/wp-json\/wp\/v2\/pages"}],"about":[{"href":"http:\/\/www.cayelec.com\/es\/wp-json\/wp\/v2\/types\/page"}],"author":[{"embeddable":true,"href":"http:\/\/www.cayelec.com\/es\/wp-json\/wp\/v2\/users\/3"}],"replies":[{"embeddable":true,"href":"http:\/\/www.cayelec.com\/es\/wp-json\/wp\/v2\/comments?post=835"}],"version-history":[{"count":21,"href":"http:\/\/www.cayelec.com\/es\/wp-json\/wp\/v2\/pages\/835\/revisions"}],"predecessor-version":[{"id":1003,"href":"http:\/\/www.cayelec.com\/es\/wp-json\/wp\/v2\/pages\/835\/revisions\/1003"}],"wp:attachment":[{"href":"http:\/\/www.cayelec.com\/es\/wp-json\/wp\/v2\/media?parent=835"}],"curies":[{"name":"wp","href":"https:\/\/api.w.org\/{rel}","templated":true}]}}