{"id":147,"date":"2017-02-21T13:22:38","date_gmt":"2017-02-22T08:44:54","guid":{"rendered":"http:\/\/www.cayelec.com\/?page_id=147\/"},"modified":"2018-04-20T08:57:54","modified_gmt":"2018-04-20T08:57:54","slug":"avis-legal","status":"publish","type":"page","link":"http:\/\/www.cayelec.com\/es\/avis-legal\/","title":{"rendered":"Aviso Legal"},"content":{"rendered":"<h2>TERMES I CONDICIONS &#8211; POLITICA DE COOKIES &#8211; AV\u00cdS LEGAL<\/h2>\n<p>D&#8217;acord amb la llei 34\/2002 de \u00abServeis de la societat de comunicaci\u00f3 i comer\u00e7\u00bb en vigor des de l&#8217;11 de juliol del 2002, comuniquem que aquesta p\u00e0gina web pertany a Cayelec, provist de C.I.F 46669670W, amb domicili a C\/ Cross, 75, a Pacs del Pened\u00e8s, 08796 Barcelona.<\/p>\n<p><strong>CONDICIONS GENERALS D&#8217;\u00daS<\/strong><\/p>\n<p><strong>1.- Acceptaci\u00f3 de l&#8217;usuari<\/strong><\/p>\n<p>L&#8217;acc\u00e9s a aquest lloc web per part de qualsevol usuari comporta l&#8217;acceptaci\u00f3 d&#8217;aquestes condicions generals d&#8217;\u00fas. Per aix\u00f2, li recomanem que llegeixi atentament el seu contingut si vost\u00e8 desitja accedir i fer \u00fas de la informaci\u00f3 i els serveis oferts en aquest lloc web.<\/p>\n<p><strong>2.-\u00a0<\/strong><strong>Drets de propietat intel\u00b7lectual i industrial<\/strong><\/p>\n<p>Aquesta p\u00e0gina web, aix\u00ed com la informaci\u00f3 o elements continguts en la mateixa, tals com a textos, documents, fotografies, dibuixos, representacions gr\u00e0fiques, sons, bases de dades, logotips, marques, noms comercials, o altres signes distintius estan protegits pels drets de propietat intel\u00b7lectual o industrial de les quals s\u00f3n titulars les respectives marques o Cayelec S.L.<\/p>\n<p>En conseq\u00fc\u00e8ncia, queda terminantment prohibida qualsevol modalitat d&#8217;explotaci\u00f3, com la reproducci\u00f3, distribuci\u00f3, cessi\u00f3 a tercers, comunicaci\u00f3 p\u00fablica i transformaci\u00f3, mitjan\u00e7ant qualsevol tipus de suport i mitj\u00e0, de tot o part d&#8217;aquest lloc web o de la informaci\u00f3 i elements continguts en el mateix abans esmentats, aix\u00ed com la supressi\u00f3, alteraci\u00f3 o descompilaci\u00f3n d&#8217;aquesta informaci\u00f3 i continguts, sense autoritzaci\u00f3 pr\u00e8via i expressa dels seus respectius titulars. L&#8217;incompliment d&#8217;aquesta prohibici\u00f3 pot ser constitutiu d&#8217;infracci\u00f3 sancionable per la legislaci\u00f3 vigent.<\/p>\n<p>Sense perjudici de l&#8217;anterior, l&#8217;usuari pot imprimir, descarregar i copiar el contingut d&#8217;aquesta p\u00e0gina web i fins i tot emmagatzemar-ho en el disc dur del seu propi ordinador o en qualsevol altre suport quan la seva finalitat sigui destinar-ho \u00fanica i exclusivament al seu \u00fas personal i privat.<\/p>\n<p><strong>3.- Responsabilitat de l&#8217;usuari<\/strong><\/p>\n<p>L&#8217;usuari es compromet a no utilitzar aquest lloc web ni la informaci\u00f3 o continguts oferts en el mateix per a la realitzaci\u00f3 d&#8217;activitats contr\u00e0ries a la llei, la moral o l&#8217;ordre p\u00fablic i, en general, a fer un \u00fas del mateix conforme amb les presents condicions generals d&#8217;\u00fas.<\/p>\n<p>Les opinions, continguts i, en general, totes les activitats realitzades per l&#8217;usuari s\u00f3n de la seva exclusiva responsabilitat, sense que pugui responsabilitzar-se a Cayelec S.L dels danys i perjudicis que poguessin derivar-se d&#8217;aquestes activitats alienes a la seva voluntat i realitzades sense coneixement efectiu de les mateixes.<\/p>\n<p>L&#8217;usuari ha d&#8217;abstenir-se de suprimir, alterar, eludir o manipular qualsevol dispositiu de protecci\u00f3 o sistema de seguretat que estigu\u00e9s instal\u00b7lat en el lloc web de Cayelec.<\/p>\n<p><strong>4.- Responsabilitat\u00a0<\/strong><strong>Cayelec S.L<\/strong><\/p>\n<p>Cayelec S.L no es responsabilitza d&#8217;eventuals danys i perjudicis que puguin ocasionar-se a l&#8217;usuari pels errors en els continguts del seu lloc web o que afectin a la seva correcta visualitzaci\u00f3, per la falta de disponibilitat del lloc web ni per la transmissi\u00f3 de virus inform\u00e0tics o programes maliciosos que puguin alterar el sistema inform\u00e0tic (maquinari i programari) i els documents o fitxers de l&#8217;usuari, malgrat haver adoptat totes les mesures tecnol\u00f2giques necess\u00e0ries per evitar-ho.<\/p>\n<p><strong>5.- Modificacions del lloc web<\/strong><\/p>\n<p>Cayelec S.L es reserva el dret d&#8217;efectuar en qualsevol moment i sense previ av\u00eds les modificacions que consideri convenients en el seu lloc web, alterant la seva estructura o disseny, i modificant o suprimint continguts o serveis. Aix\u00ed mateix, es reserva el dret de suspendre temporalment i sense previ av\u00eds l&#8217;accessibilitat al seu lloc web amb motiu d&#8217;una eventual necessitat d&#8217;efectuar reparacions de manteniment, reparaci\u00f3, actualitzaci\u00f3 o millora del mateix.<\/p>\n<p><strong>6.- Vincles i enlla\u00e7os externs<\/strong><\/p>\n<p>En el cas que el lloc web contingui enlla\u00e7os o vincles feia altres llocs d&#8217;internet Cayelec S.L no exercir\u00e0 cap tipus de control sobre aquests llocs ni sobre els seus continguts<\/p>\n<p>En conseq\u00fc\u00e8ncia Cayelec S.L no assumeix responsabilitat alguna pels continguts dels enlla\u00e7os pertanyents a un lloc web ali\u00e8, ni garantir\u00e0 la disponibilitat t\u00e8cnica, qualitat, fiabilitat, exactitud, amplitud, veracitat, validesa i constitucionalitat de qualsevol material o informaci\u00f3 continguda en cap d&#8217;aquests hiperv\u00ednculos o altres llocs d&#8217;Internet. Igualment la inclusi\u00f3 d&#8217;aquestes connexions externes no implicar\u00e0 cap tipus d&#8217;associaci\u00f3, fusi\u00f3 o participaci\u00f3 amb les entitats connectades.<\/p>\n<p><strong>7- Legislaci\u00f3 aplicable<\/strong><\/p>\n<p>Les presents condicions generals d&#8217;\u00fas es regeixen per la legislaci\u00f3 espanyola.<br \/>\nQualsevol discrep\u00e0ncia que pugui sorgir entre l&#8217;usuari i Cayelec S.L en relaci\u00f3 amb la utilitzaci\u00f3 d&#8217;aquest lloc web es resoldr\u00e0 davant els Jutjats i Tribunals de la ciutat de Barcelona (Espanya), amb ren\u00fancia de qualsevol altre fur que pogu\u00e9s ser aplicable.<\/p>\n<p><strong>\u00a0<\/strong><strong>8.- Protecci\u00f3 de dades personals<\/strong><\/p>\n<p>D&#8217;acord amb la Llei org\u00e0nica 15\/1999 de 13 de desembre de protecci\u00f3 de dades de car\u00e0cter personal i la normativa que la desenvolupa Cayelec garanteix en tot moment la seguretat i confidencialitat de les dades personals facilitades per l&#8217;usuari, aix\u00ed com el seu correcte \u00fas i tractament.<\/p>\n<p>En aquest sentit, les dades personals facilitades pels usuaris seran incorporats a un fitxer inform\u00e0tic, amb una finalitat informativa. El tractament de les dades incorporades a aquest fitxer \u00e9s responsabilitat de Cayelec<\/p>\n<p>L&#8217;usuari respondr\u00e0, en qualsevol cas, de la veracitat de les dades facilitades i es fa responsable de comunicar a Cayelec, S.L qualsevol modificaci\u00f3 dels mateixos, quedant Cayelec S.L eximeix de qualsevol responsabilitat referent a aix<\/p>\n<p>L&#8217;usuari t\u00e9 dret a exercir en qualsevol moment els drets d&#8217;acc\u00e9s, rectificaci\u00f3, cancel\u00b7laci\u00f3 i oposici\u00f3 en els termes previstos en la Llei Org\u00e0nica de Protecci\u00f3 de Dades de Car\u00e0cter Personal i altres normes que la desenvolupen, mitjan\u00e7ant sol\u00b7licitud enviada per correu postal al domicili social de Cayelec S.L o per correu electr\u00f2nic enviat a Cayelec S.L.<\/p>\n<h2><strong>POL\u00cdTICA DE COOKIES &#8211; Cayelec<\/strong><\/h2>\n<p>Utilitzem cookies per facilitar l&#8217;\u00fas de la nostra p\u00e0gina web. Les cookies s\u00f3n petits fitxers d&#8217;informaci\u00f3 que ens permeten comparar i entendre com els nostres usuaris naveguen a trav\u00e9s de la nostra p\u00e0gina web, i d&#8217;aquesta manera poder millorar conseq\u00fcentment el proc\u00e9s de navegaci\u00f3. Les cookies que utilitzem no emmagatzemen dada personal algun, ni cap tipus d&#8217;informaci\u00f3 que pugui identificar-li. En cas de no voler rebre cookies, per favor configuri el seu navegador d&#8217;Internet perqu\u00e8 les esborri del disc dur del seu ordinador, les bloquegi o li avisi en cas d&#8217;instal\u00b7laci\u00f3 de les mateixes. Per continuar sense canvis en la configuraci\u00f3 de les *cookies, simplement continu\u00ef a la p\u00e0gina web.<\/p>\n<p>Pot obtenir m\u00e9s informaci\u00f3 sobre les cookies i el seu \u00fas en\u00a0<a href=\"http:\/\/www.aboutcookies.org\/\" target=\"_blank\" rel=\"noopener\">www.aboutcookies.org<\/a><\/p>\n<p>Els tipus de cookies que utilitzem<\/p>\n<p><strong>Cookies de Navegaci\u00f3:<\/strong><\/p>\n<p>Aquestes cookies recullen informaci\u00f3 sobre l&#8217;\u00fas que les visites fan de la web, per exemple p\u00e0gines vistes, errors de c\u00e0rrega&#8230; \u00c9s informaci\u00f3 gen\u00e8rica i an\u00f2nima, on no s&#8217;inclouen dades personals, ni es recull informaci\u00f3 que identifiqui als visitants; sent l&#8217;objectiu \u00faltim millorar el funcionament de la web.<\/p>\n<p><strong>Google analytics<\/strong><\/p>\n<p>Utilitzem l&#8217;eina gratu\u00efta Google Analytics (vegi\u00a0<a href=\"http:\/\/www.google.com\/intl\/es_es\/analytics\/\" target=\"_blank\" rel=\"noopener\">http:\/\/www.google.com\/intl\/es_es\/analytics\/<\/a>) per recopilar i analitzar les estad\u00edstiques del lloc. Google Analytics utilitza cookies per realitzar un seguiment de les dades. Aquestes cookies no recullen cap informaci\u00f3 personal identificable i nom\u00e9s s&#8217;usen per a la recopilaci\u00f3 estad\u00edstica de dades, tals com les visites i visites a la p\u00e0gina. Les cookies de Google Analytics emmagatzemen adrecis IP per\u00f2 no podem vincular aquestes adreces a una persona o a la ruta a trav\u00e9s de la web. Google utilitza les cookies per llegir la informaci\u00f3 i avaluar l&#8217;\u00fas dels visitants del lloc web en forma d&#8217;informes estad\u00edstics que podem accedir. El codi de Google Analytics s&#8217;ha incorporat al nostre codi del lloc perqu\u00e8 el nostre lloc web serveixi les cookies, per\u00f2 Google t\u00e9 acc\u00e9s a les cookies.<\/p>\n<p>En visitar la nostra p\u00e0gina web, acceptes la instal\u00b7laci\u00f3 d&#8217;aquestes cookies en el teu dispositiu.<\/p>\n<p><strong>Com administrar les cookies en els ordinadors<\/strong><\/p>\n<p>Si vols permetre l&#8217;\u00fas de cookies del nostre site, per favor segueix les seg\u00fcents instruccions.<\/p>\n<p>Google Chrome<\/p>\n<p>1. En obrir el navegador, punxa \u00abeines\u00bb en la part superior i selecciona la pestanya de \u00abopcions\u00bb.<br \/>\n2. Dins d&#8217;opcions, punxa \u00abprivadesa\u00bb.<br \/>\n3. Marca \u00abpermetre l&#8217;administraci\u00f3 de cookies\u00bb.<\/p>\n<p>Microsoft Internet Explorer 6.0, 7.0, 8.0, 9.0<\/p>\n<p>1. En obrir el navegador, punxa \u00abeines\u00bb en la part superior i selecciona la pestanya de \u00abopcions\u00bb.<br \/>\n2. Revisa la pestanya de \u00abPrivadesa\u00bb assegurant-te est\u00e0 configurada amb un nivell de seguretat mitj\u00e0 o inferior.<br \/>\n3. Si la configuraci\u00f3 d&#8217;Internet no \u00e9s mitjana s&#8217;estaran bloquejant les cookies.<\/p>\n<p>Mozilla Firefox<\/p>\n<p>1. En obrir el navegador, punxa \u00abeines\u00bb en la part superior i selecciona la pestanya de \u00abopcions\u00bb.<br \/>\n2. Selecciona la icona de Privadesa<br \/>\n3. Punxa en cookies, i marca: \u00abpermetre la instal\u00b7laci\u00f3 de cookies\u00bb.<\/p>\n<p>Safari<\/p>\n<p>1. En obrir el navegador, punxa \u00abeines\u00bb en la part superior i selecciona la pestanya de \u00abopcions\u00bb.<br \/>\n2. Punxa en la pestanya de \u00abSeguretat\u00bb i revisa si l&#8217;opci\u00f3 \u00abBloquejar l&#8217;acc\u00e9s de cookies de tercers\u00bb est\u00e0 marcada o no.<br \/>\n3. Punxa a \u00abguardar\u00bb.<\/p>\n<p><strong>La instal\u00b7laci\u00f3 de cookies en Mac<\/strong><\/p>\n<p>Si tens un Mac i vols permetre l&#8217;acc\u00e9s de les nostres cookies en el teu ordinador, per favor segueix les seg\u00fcents instruccions:<\/p>\n<p>Microsoft Internet Explorer 5.0 en OSX<\/p>\n<p>1. Entra en \u00abExplorer\u00bb i selecciona \u00abPrefer\u00e8ncies\u00bb en la barra de navegaci\u00f3.<br \/>\n2. Fes scroll cap avall fins que vegis \u00abCookies\u00bb just sota arxius rebuts.<br \/>\n3. Marca \u00abNo tornar a preguntar\u00bb.<\/p>\n<p>Safari en OSX<\/p>\n<p>1. Entra en Safari i selecciona \u00abPrefer\u00e8ncies\u00bb en la barra de navegaci\u00f3.<br \/>\n2.Punxa en la pestanya de \u00abSeguretat\u00bb i *marcae l&#8217;opci\u00f3 \u00abacceptar cookies\u00bb<br \/>\n3. Selecciona l&#8217;opci\u00f3: \u00abNom\u00e9s des del *site actual en qu\u00e8 estic navegant\u00bb<\/p>\n<p>Mozilla i Netscape en *OSX<\/p>\n<p>1. Entra en \u00abMozilla\u00bb o \u00abNetscape\u00bb i en la part superior del teu navegador, marca l&#8217;opci\u00f3 de \u00abPrefer\u00e8ncies\u00bb<br \/>\n2. Fes scroll cap avall fins que vegis \u00abCookies\u00bb just sota \u00abPrivadesa i Seguretat\u00bb.<br \/>\n3. Marca l&#8217;opci\u00f3 \u00abPermetre l&#8217;acc\u00e9s de cookies nom\u00e9s des del site actual\u00bb<\/p>\n<p>Opera<\/p>\n<p>1. Entra en \u00abOpera\u00bb i selecciona \u00abMenu\u00bb i \u00abAjustes\u00bb en la barra de navegaci\u00f3.<br \/>\n2. Selecciona \u00abPrefer\u00e8ncies\u00bb i punxa en la pestanya de \u00abAvan\u00e7at\u00bb.<br \/>\n3. Marca l&#8217;opci\u00f3 \u00abAcceptar cookies\u00bb<\/p>\n<p>&nbsp;<\/p>\n","protected":false},"excerpt":{"rendered":"<p>TERMES I CONDICIONS &#8211; POLITICA DE COOKIES &#8211; AV\u00cdS LEGAL D&#8217;acord amb la llei 34\/2002 de \u00abServeis de la societat de comunicaci\u00f3 i comer\u00e7\u00bb en vigor des de l&#8217;11 de juliol del 2002, comuniquem que aquesta p\u00e0gina web pertany a Cayelec, provist de C.I.F [&hellip;]<\/p>\n","protected":false},"author":3,"featured_media":0,"parent":0,"menu_order":0,"comment_status":"closed","ping_status":"closed","template":"","meta":{"footnotes":""},"_links":{"self":[{"href":"http:\/\/www.cayelec.com\/es\/wp-json\/wp\/v2\/pages\/147"}],"collection":[{"href":"http:\/\/www.cayelec.com\/es\/wp-json\/wp\/v2\/pages"}],"about":[{"href":"http:\/\/www.cayelec.com\/es\/wp-json\/wp\/v2\/types\/page"}],"author":[{"embeddable":true,"href":"http:\/\/www.cayelec.com\/es\/wp-json\/wp\/v2\/users\/3"}],"replies":[{"embeddable":true,"href":"http:\/\/www.cayelec.com\/es\/wp-json\/wp\/v2\/comments?post=147"}],"version-history":[{"count":5,"href":"http:\/\/www.cayelec.com\/es\/wp-json\/wp\/v2\/pages\/147\/revisions"}],"predecessor-version":[{"id":942,"href":"http:\/\/www.cayelec.com\/es\/wp-json\/wp\/v2\/pages\/147\/revisions\/942"}],"wp:attachment":[{"href":"http:\/\/www.cayelec.com\/es\/wp-json\/wp\/v2\/media?parent=147"}],"curies":[{"name":"wp","href":"https:\/\/api.w.org\/{rel}","templated":true}]}}